{"id":1149,"date":"2023-11-21T14:47:43","date_gmt":"2023-11-21T17:47:43","guid":{"rendered":"https:\/\/isabelleanchieta.com\/cursos\/?page_id=1149"},"modified":"2023-11-24T15:16:03","modified_gmt":"2023-11-24T18:16:03","slug":"politica-de-privacidade-2","status":"publish","type":"page","link":"https:\/\/isabelleanchieta.com\/cursos\/politica-de-privacidade-2\/","title":{"rendered":"Politica de Privacidade"},"content":{"rendered":"<div class=\"flex flex-grow flex-col max-w-full gap-3 gizmo:gap-0\">\n<div class=\"min-h-[20px] text-message flex flex-col items-start gap-3 whitespace-pre-wrap break-words [.text-message+&amp;]:mt-5 overflow-x-auto\" data-message-author-role=\"assistant\" data-message-id=\"108978bd-91b7-4a88-ba38-73ecf1197c81\">\n<div class=\"markdown prose w-full break-words dark:prose-invert light\">\n<p><strong>Pol\u00edtica de Privacidade<\/strong><\/p>\n<p>Este site \u00e9 administrado por Isabelle Anchieta, atuando como controladora de dados, conforme as disposi\u00e7\u00f5es da Lei Federal n. 13.709\/2018 (Lei Geral de Prote\u00e7\u00e3o de Dados \u2013 LGPD).<\/p>\n<p><strong>1 \u2013 P\u00fablico-Alvo:<\/strong> Este site \u00e9 destinado a indiv\u00edduos com mais de dezoito anos de idade. Crian\u00e7as e adolescentes n\u00e3o devem utiliz\u00e1-lo.<\/p>\n<p><strong>2 \u2013 Dados Coletados e Finalidades:<\/strong> <em>Dados pessoais fornecidos pelo usu\u00e1rio:<\/em><\/p>\n<ul>\n<li>Nome completo;<\/li>\n<li>RG;<\/li>\n<li>CPF;<\/li>\n<li>Endere\u00e7o de e-mail;<\/li>\n<li>Endere\u00e7o de correspond\u00eancia;<\/li>\n<li>Endere\u00e7o de cobran\u00e7a;<\/li>\n<li>N\u00famero de telefone;<\/li>\n<li>Data de nascimento;<\/li>\n<li>Mensagem de contato.<\/li>\n<\/ul>\n<p><em>Finalidades da coleta:<\/em><\/p>\n<ul>\n<li>Possibilitar ao usu\u00e1rio adquirir e usufruir de produtos, servi\u00e7os e publica\u00e7\u00f5es;<\/li>\n<li>Facilitar o contato com a equipe de atendimento;<\/li>\n<li>Encaminhar comunicados e respostas de solicita\u00e7\u00f5es de atendimento;<\/li>\n<li>Enviar ofertas de produtos e servi\u00e7os.<\/li>\n<\/ul>\n<p><em>Dados pessoais obtidos de outras formas:<\/em><\/p>\n<ul>\n<li>Endere\u00e7o de IP;<\/li>\n<li>Dados de navega\u00e7\u00e3o;<\/li>\n<li>Dados transacionais feitos por meio do site, como contrata\u00e7\u00e3o, acesso \u00e0s aulas e aberturas de solicita\u00e7\u00f5es.<\/li>\n<\/ul>\n<p><em>Finalidades da coleta:<\/em><\/p>\n<ul>\n<li>Garantir seguran\u00e7a e autenticidade nas transa\u00e7\u00f5es;<\/li>\n<li>Cumprir determina\u00e7\u00e3o legal de armazenamento de registros e acessos;<\/li>\n<li>Cumprir determina\u00e7\u00e3o legal em caso de demanda judicial;<\/li>\n<li>Assegurar o cumprimento do contrato;<\/li>\n<li>Personalizar a experi\u00eancia do usu\u00e1rio.<\/li>\n<\/ul>\n<p><em>Dados sens\u00edveis:<\/em> N\u00e3o coletamos dados sens\u00edveis de nossos usu\u00e1rios.<\/p>\n<p><em>Cookies:<\/em> Cookies s\u00e3o automaticamente baixados no dispositivo do usu\u00e1rio ao acessar o site, identificando dispositivos, atividades e prefer\u00eancias dos usu\u00e1rios.<\/p>\n<p><em>Cookies do site:<\/em> Utilizados para aprimorar e personalizar a experi\u00eancia do usu\u00e1rio, lembrando prefer\u00eancias e escolhas.<\/p>\n<p><em>Gest\u00e3o dos cookies:<\/em> O usu\u00e1rio pode opor-se ao registro de cookies desativando essa op\u00e7\u00e3o em seu navegador. A desativa\u00e7\u00e3o pode afetar a disponibilidade de ferramentas e funcionalidades do site.<\/p>\n<p><em>Coleta de dados n\u00e3o previstos expressamente:<\/em> Eventualmente, outros dados n\u00e3o previstos nesta pol\u00edtica de privacidade podem ser coletados com consentimento do usu\u00e1rio ou base legal prevista em lei.<\/p>\n<p><em>Compartilhamento de dados pessoais com terceiros:<\/em> Compartilhamos alguns dados pessoais com a empresa PagSeguro para garantir o meio de pagamento. Outros compartilhamentos ocorrem para cumprir determina\u00e7\u00f5es legais.<\/p>\n<p><strong>3 \u2013 Per\u00edodo de Armazenamento:<\/strong> Os dados ser\u00e3o armazenados enquanto necess\u00e1rio para cumprir as finalidades, considerando direitos dos titulares e disposi\u00e7\u00f5es legais.<\/p>\n<p><strong>4 \u2013 Bases Legais:<\/strong> Todas as atividades de tratamento de dados possuem base legal conforme as disposi\u00e7\u00f5es legais aplic\u00e1veis.<\/p>\n<p><strong>Exerc\u00edcio de Direitos pelos Titulares:<\/strong> Os titulares podem exercer seus direitos pelo formul\u00e1rio de contato no site ou atrav\u00e9s do Encarregado de Prote\u00e7\u00e3o de Dados, com valida\u00e7\u00e3o da identidade.<\/p>\n<p><strong>Medidas de Seguran\u00e7a:<\/strong> Empregamos medidas para proteger os dados pessoais contra acessos n\u00e3o autorizados e situa\u00e7\u00f5es de perda ou altera\u00e7\u00e3o.<\/p>\n<p><strong>Altera\u00e7\u00f5es na Pol\u00edtica:<\/strong> Esta Pol\u00edtica de Privacidade pode ser modificada a qualquer momento, sendo os usu\u00e1rios informados sobre as mudan\u00e7as.<\/p>\n<p><strong>Contato:<\/strong> D\u00favidas sobre esta Pol\u00edtica ou os dados pessoais tratados podem ser esclarecidas pelo formul\u00e1rio de contato no site ou pelo e-mail <a href=\"mailto:contato@isabelleanchieta.com.br\" target=\"_new\" rel=\"noopener\">contato@isabelleanchieta.com.br<\/a>.<\/p>\n<\/div>\n<\/div>\n<\/div>\n","protected":false},"excerpt":{"rendered":"<p>Pol\u00edtica de Privacidade Este site \u00e9 administrado por Isabelle Anchieta, atuando como controladora de dados, conforme as disposi\u00e7\u00f5es da Lei Federal n. 13.709\/2018 (Lei Geral de Prote\u00e7\u00e3o de Dados \u2013&nbsp;<a href=\"https:\/\/isabelleanchieta.com\/cursos\/politica-de-privacidade-2\/\">&hellip;<\/a><\/p>\n","protected":false},"author":1,"featured_media":0,"parent":0,"menu_order":0,"comment_status":"closed","ping_status":"closed","template":"","meta":{"footnotes":""},"class_list":["post-1149","page","type-page","status-publish","hentry","odd"],"_links":{"self":[{"href":"https:\/\/isabelleanchieta.com\/cursos\/wp-json\/wp\/v2\/pages\/1149","targetHints":{"allow":["GET"]}}],"collection":[{"href":"https:\/\/isabelleanchieta.com\/cursos\/wp-json\/wp\/v2\/pages"}],"about":[{"href":"https:\/\/isabelleanchieta.com\/cursos\/wp-json\/wp\/v2\/types\/page"}],"author":[{"embeddable":true,"href":"https:\/\/isabelleanchieta.com\/cursos\/wp-json\/wp\/v2\/users\/1"}],"replies":[{"embeddable":true,"href":"https:\/\/isabelleanchieta.com\/cursos\/wp-json\/wp\/v2\/comments?post=1149"}],"version-history":[{"count":5,"href":"https:\/\/isabelleanchieta.com\/cursos\/wp-json\/wp\/v2\/pages\/1149\/revisions"}],"predecessor-version":[{"id":1170,"href":"https:\/\/isabelleanchieta.com\/cursos\/wp-json\/wp\/v2\/pages\/1149\/revisions\/1170"}],"wp:attachment":[{"href":"https:\/\/isabelleanchieta.com\/cursos\/wp-json\/wp\/v2\/media?parent=1149"}],"curies":[{"name":"wp","href":"https:\/\/api.w.org\/{rel}","templated":true}]}}