{"id":170,"date":"2015-12-12T11:28:08","date_gmt":"2015-12-12T11:28:08","guid":{"rendered":"http:\/\/skilled.aislinthemes.com\/product\/branding-like-a-professional-in-11-days\/"},"modified":"2024-07-19T04:29:35","modified_gmt":"2024-07-19T07:29:35","slug":"curso-01","status":"publish","type":"product","link":"https:\/\/isabelleanchieta.com\/cursos\/product\/curso-01\/","title":{"rendered":"CURSO COMPLETO HIST\u00d3RIA DAS IMAGENS DA MULHER NO OCIDENTE"},"content":{"rendered":"<p><span data-contrast=\"none\">A HIST\u00d3RIA DAS IMAGENS DA MULHER \u00e9 a hist\u00f3ria de uma disputa pela visualidade.\u00a0<\/span><span data-ccp-props=\"{&quot;201341983&quot;:0,&quot;335551550&quot;:6,&quot;335551620&quot;:6,&quot;335559739&quot;:200,&quot;335559740&quot;:276}\">\u00a0<\/span><\/p>\n<p><span data-contrast=\"none\">O curso \u00e9 fruto de oito anos de pesquisa, na qual a professora se debru\u00e7ou por pinturas, esculturas, panfletos noticiosos e filmes dos arquivos de bibliotecas da Alemanha e Su\u00ed\u00e7a, museus da Europa e at\u00e9 dos est\u00fadios de Hollywood.\u00a0<\/span><span data-ccp-props=\"{&quot;201341983&quot;:0,&quot;335551550&quot;:6,&quot;335551620&quot;:6,&quot;335559739&quot;:200,&quot;335559740&quot;:276}\">\u00a0<\/span><\/p>\n<p><span data-contrast=\"none\">Entre as diversas imagens femininas, abordaremos aquelas que se popularizaram no Ocidente por meio de estere\u00f3tipos: a <\/span><b><span data-contrast=\"none\">bruxa<\/span><\/b><span data-contrast=\"none\">, a <\/span><b><span data-contrast=\"none\">\u00edndia tupinamb\u00e1 canibal<\/span><\/b><span data-contrast=\"none\">, <\/span><b><span data-contrast=\"none\">Maria<\/span><\/b><span data-contrast=\"none\">, <\/span><b><span data-contrast=\"none\">Maria Madalena<\/span><\/b><span data-contrast=\"none\"> e as\u202f<\/span><b><span data-contrast=\"none\">estrelas hollywoodianas<\/span><\/b><span data-contrast=\"none\">.\u202f<\/span><span data-ccp-props=\"{&quot;201341983&quot;:0,&quot;335551550&quot;:6,&quot;335551620&quot;:6,&quot;335559739&quot;:200,&quot;335559740&quot;:276}\">\u00a0<\/span><\/p>\n<p><span data-contrast=\"none\">Primeiro, elas lutaram para humanizar-se no fim da Idade M\u00e9dia, tentando desvencilhar-se de um destino de extremidades, bruxas ou santas. Desc\u00ea-las do pedestal e retir\u00e1-las da boca do inferno foram os primeiros passos para que, enfim, a modernidade levasse sua encarna\u00e7\u00e3o a cabo.\u202fO movimento seguinte foi o de individualiza\u00e7\u00e3o, com o desejo de ser \u00fanica e reconhec\u00edvel.\u202fNa remontagem hist\u00f3rica vamos perceber a transi\u00e7\u00e3o de uma \u201cpersonagem a uma pessoa\u201d vivenciada pelas mulheres.<\/span><span data-ccp-props=\"{&quot;201341983&quot;:0,&quot;335551550&quot;:6,&quot;335551620&quot;:6,&quot;335559739&quot;:200,&quot;335559740&quot;:276}\">\u00a0<\/span><\/p>\n<p><b><span data-contrast=\"none\">Premia\u00e7\u00f5es da pesquisa:<\/span><\/b><span data-ccp-props=\"{&quot;201341983&quot;:0,&quot;335551550&quot;:6,&quot;335551620&quot;:6,&quot;335559739&quot;:200,&quot;335559740&quot;:276}\">\u00a0<\/span><\/p>\n<p><span data-contrast=\"none\">_ A tese de doutorado recebeu distin\u00e7\u00e3o acad\u00eamica pela USP\u00a0<\/span><span data-ccp-props=\"{&quot;201341983&quot;:0,&quot;335551550&quot;:6,&quot;335551620&quot;:6,&quot;335559739&quot;:200,&quot;335559740&quot;:276}\">\u00a0<\/span><\/p>\n<p><span data-contrast=\"none\">_ A trilogia Imagens da Mulher no Ocidente Moderno\/Edusp recebeu Pr\u00eamio ABEU, Associa\u00e7\u00e3o Brasileira de Editoras Universit\u00e1ria. Primeiro lugar na categoria Ci\u00eancias Sociais.\u00a0<\/span><span data-ccp-props=\"{&quot;201341983&quot;:0,&quot;335551550&quot;:6,&quot;335551620&quot;:6,&quot;335559739&quot;:200,&quot;335559740&quot;:276}\">\u00a0<\/span><\/p>\n","protected":false},"excerpt":{"rendered":"<p><span data-contrast=\"none\">A HIST\u00d3RIA DAS IMAGENS DA MULHER \u00e9 a hist\u00f3ria de uma disputa pela visualidade.\u00a0<\/span><span data-ccp-props=\"{&quot;201341983&quot;:0,&quot;335551550&quot;:6,&quot;335551620&quot;:6,&quot;335559739&quot;:200,&quot;335559740&quot;:276}\">\u00a0<\/span><\/p>\n<p><span data-contrast=\"none\">O curso \u00e9 fruto de oito anos de pesquisa, na qual a professora se debru\u00e7ou por pinturas, esculturas, panfletos noticiosos e filmes dos arquivos de bibliotecas da Alemanha e Su\u00ed\u00e7a, museus da Europa e at\u00e9 dos est\u00fadios de Hollywood.\u00a0<\/span><span data-ccp-props=\"{&quot;201341983&quot;:0,&quot;335551550&quot;:6,&quot;335551620&quot;:6,&quot;335559739&quot;:200,&quot;335559740&quot;:276}\">\u00a0<\/span><\/p>\n","protected":false},"featured_media":977,"template":"","meta":[],"product_brand":[],"product_cat":[48],"product_tag":[],"class_list":{"0":"post-170","1":"product","2":"type-product","3":"status-publish","4":"has-post-thumbnail","6":"product_cat-isabelle-anchieta","7":"post","8":"odd","10":"first","11":"instock","12":"virtual","13":"purchasable","14":"product-type-simple"},"_links":{"self":[{"href":"https:\/\/isabelleanchieta.com\/cursos\/wp-json\/wp\/v2\/product\/170","targetHints":{"allow":["GET"]}}],"collection":[{"href":"https:\/\/isabelleanchieta.com\/cursos\/wp-json\/wp\/v2\/product"}],"about":[{"href":"https:\/\/isabelleanchieta.com\/cursos\/wp-json\/wp\/v2\/types\/product"}],"wp:featuredmedia":[{"embeddable":true,"href":"https:\/\/isabelleanchieta.com\/cursos\/wp-json\/wp\/v2\/media\/977"}],"wp:attachment":[{"href":"https:\/\/isabelleanchieta.com\/cursos\/wp-json\/wp\/v2\/media?parent=170"}],"wp:term":[{"taxonomy":"product_brand","embeddable":true,"href":"https:\/\/isabelleanchieta.com\/cursos\/wp-json\/wp\/v2\/product_brand?post=170"},{"taxonomy":"product_cat","embeddable":true,"href":"https:\/\/isabelleanchieta.com\/cursos\/wp-json\/wp\/v2\/product_cat?post=170"},{"taxonomy":"product_tag","embeddable":true,"href":"https:\/\/isabelleanchieta.com\/cursos\/wp-json\/wp\/v2\/product_tag?post=170"}],"curies":[{"name":"wp","href":"https:\/\/api.w.org\/{rel}","templated":true}]}}